{"id":820,"date":"2013-04-12T11:08:08","date_gmt":"2013-04-12T10:08:08","guid":{"rendered":"http:\/\/www.lacotedaime.com\/Syndicat-Initiative\/?page_id=820"},"modified":"2024-05-23T14:35:42","modified_gmt":"2024-05-23T13:35:42","slug":"les-bords-de-l-isere","status":"publish","type":"page","link":"https:\/\/www.lacotedaime.com\/Syndicat-Initiative\/loisirs-et-nature\/les-bords-de-l-isere\/","title":{"rendered":"Les bords de l&rsquo;Is\u00e8re"},"content":{"rendered":"<p>-Eaux-vives dans le cours de l\u2019Is\u00e8re ( rafting, canoe-kayak, hydrospeed\u2026 ) . De nombreuses compagnies pr\u00e9sentes dans la Vall\u00e9e.<\/p>\n<p>&#8211; Voie verte entre Aime et Bourg Saint Maurice\u00a0:15 km de piste d\u00e9di\u00e9e au v\u00e9lo, roller et pi\u00e9tons.<\/p>\n<p>&#8211; Plan d\u2019eau de Mac\u00f4t, acc\u00e8s depuis la RN90 \u00e0 4km d\u2019Aime en direction de Bourg Saint Maurice\u00a0: baignade surveill\u00e9e en juillet-ao\u00fbt, accrobranche, snack-bar , animations .<\/p>\n<p style=\"text-align: center;\"><a href=\"https:\/\/www.lacotedaime.com\/Syndicat-Initiative\/wp-content\/uploads\/2013\/03\/plandeaumacot.jpg\"><img decoding=\"async\" class=\"aligncenter wp-image-892\" src=\"https:\/\/www.lacotedaime.com\/Syndicat-Initiative\/wp-content\/uploads\/2013\/03\/plandeaumacot.jpg\" alt=\"plandeaumacot\" width=\"384\" height=\"288\" srcset=\"https:\/\/www.lacotedaime.com\/Syndicat-Initiative\/wp-content\/uploads\/2013\/03\/plandeaumacot.jpg 640w, https:\/\/www.lacotedaime.com\/Syndicat-Initiative\/wp-content\/uploads\/2013\/03\/plandeaumacot-300x225.jpg 300w\" sizes=\"(max-width: 384px) 100vw, 384px\" \/><\/a><\/p>\n","protected":false},"excerpt":{"rendered":"<p>-Eaux-vives dans le cours de l\u2019Is\u00e8re ( rafting, canoe-kayak, hydrospeed\u2026 ) . De nombreuses compagnies pr\u00e9sentes dans la Vall\u00e9e. &#8211; Voie verte entre Aime et Bourg Saint Maurice\u00a0:15 km de&hellip; <\/p>\n","protected":false},"author":1,"featured_media":0,"parent":804,"menu_order":0,"comment_status":"closed","ping_status":"closed","template":"","meta":{"footnotes":"","_links_to":"","_links_to_target":""},"class_list":["post-820","page","type-page","status-publish","hentry"],"_links":{"self":[{"href":"https:\/\/www.lacotedaime.com\/Syndicat-Initiative\/wp-json\/wp\/v2\/pages\/820","targetHints":{"allow":["GET"]}}],"collection":[{"href":"https:\/\/www.lacotedaime.com\/Syndicat-Initiative\/wp-json\/wp\/v2\/pages"}],"about":[{"href":"https:\/\/www.lacotedaime.com\/Syndicat-Initiative\/wp-json\/wp\/v2\/types\/page"}],"author":[{"embeddable":true,"href":"https:\/\/www.lacotedaime.com\/Syndicat-Initiative\/wp-json\/wp\/v2\/users\/1"}],"replies":[{"embeddable":true,"href":"https:\/\/www.lacotedaime.com\/Syndicat-Initiative\/wp-json\/wp\/v2\/comments?post=820"}],"version-history":[{"count":4,"href":"https:\/\/www.lacotedaime.com\/Syndicat-Initiative\/wp-json\/wp\/v2\/pages\/820\/revisions"}],"predecessor-version":[{"id":5111,"href":"https:\/\/www.lacotedaime.com\/Syndicat-Initiative\/wp-json\/wp\/v2\/pages\/820\/revisions\/5111"}],"up":[{"embeddable":true,"href":"https:\/\/www.lacotedaime.com\/Syndicat-Initiative\/wp-json\/wp\/v2\/pages\/804"}],"wp:attachment":[{"href":"https:\/\/www.lacotedaime.com\/Syndicat-Initiative\/wp-json\/wp\/v2\/media?parent=820"}],"curies":[{"name":"wp","href":"https:\/\/api.w.org\/{rel}","templated":true}]}}