{"id":4607,"date":"2020-12-22T15:10:55","date_gmt":"2020-12-22T14:10:55","guid":{"rendered":"http:\/\/www.lacotedaime.com\/Syndicat-Initiative\/?page_id=4607"},"modified":"2024-07-05T14:46:27","modified_gmt":"2024-07-05T13:46:27","slug":"parcours-dorientation","status":"publish","type":"page","link":"https:\/\/www.lacotedaime.com\/Syndicat-Initiative\/loisirs-et-nature\/parcours-dorientation\/","title":{"rendered":"Parcours d&rsquo;Orientation"},"content":{"rendered":"<div id=\"ancre-descriptif\" class=\"row\">\n<div class=\"col-12 col-md-8 offset-md-2\">\n<div>\u00a0<\/div>\n<div style=\"text-align: left;\"><strong>3 Parcours d&rsquo;orientation pour plus de choix et de plaisir !<\/strong><\/div>\n<\/div>\n<\/div>\n<div>\u00a0<\/div>\n<div>\u00a0<\/div>\n<h1>Parcours n\u00b01 : La C\u00f4te d&rsquo;Aime &#8211; Patrimoine<\/h1>\n<div id=\"ancre-descriptif\" class=\"row\">\n<div class=\"col-12 col-md-8 offset-md-2\">\n<div>\u00a0<\/div>\n<div><a href=\"https:\/\/www.lacotedaime.com\/Syndicat-Initiative\/wp-content\/uploads\/2020\/12\/2020-12-21_153152.jpg\"><img decoding=\"async\" class=\"wp-image-4605 alignleft\" src=\"https:\/\/www.lacotedaime.com\/Syndicat-Initiative\/wp-content\/uploads\/2020\/12\/2020-12-21_153152-300x211.jpg\" alt=\"\" width=\"348\" height=\"245\" srcset=\"https:\/\/www.lacotedaime.com\/Syndicat-Initiative\/wp-content\/uploads\/2020\/12\/2020-12-21_153152-300x211.jpg 300w, https:\/\/www.lacotedaime.com\/Syndicat-Initiative\/wp-content\/uploads\/2020\/12\/2020-12-21_153152-1024x720.jpg 1024w, https:\/\/www.lacotedaime.com\/Syndicat-Initiative\/wp-content\/uploads\/2020\/12\/2020-12-21_153152-768x540.jpg 768w, https:\/\/www.lacotedaime.com\/Syndicat-Initiative\/wp-content\/uploads\/2020\/12\/2020-12-21_153152-1200x844.jpg 1200w, https:\/\/www.lacotedaime.com\/Syndicat-Initiative\/wp-content\/uploads\/2020\/12\/2020-12-21_153152.jpg 1236w\" sizes=\"(max-width: 348px) 100vw, 348px\" \/><\/a><\/div>\n<div>\u00a0<\/div>\n<div class=\"body-text descriptif-court\" style=\"text-align: justify;\"><strong>Bienvenue sur le parcours d&rsquo;orientation patrimoine sur la C\u00f4te d&rsquo;Aime !<\/strong><\/div>\n<div style=\"text-align: justify;\">\u00a0<\/div>\n<div class=\"body-text descriptif-court\" style=\"text-align: justify;\">D\u00e9couvrez ces villages anciens, les vignes et vergers de ce village perch\u00e9 Un parcours facile de 2,5km avec 70mD+ et ses 7 balises.<\/div>\n<div class=\"body-text\">\n<p style=\"text-align: justify;\">Avec cette carte d&rsquo;orientation, trouvez les balises dispos\u00e9es dans le hameau de la C\u00f4te d&rsquo;Aime<\/p>\n<p style=\"text-align: justify;\">A l&rsquo;aide de la l\u00e9gende et des symboles qui figurent sur la carte orientez-vous et rep\u00e9rez votre position ainsi que le cheminement que devez effectuer pour trouver les balises dans l&rsquo;ordre indiqu\u00e9.<\/p>\n<p style=\"text-align: justify;\">Le point de d\u00e9part est repr\u00e9sent\u00e9 par un triangle et chaque balise par un cercle avec son num\u00e9ro. C&rsquo;est au centre de chaque cercle que se situe un \u00e9l\u00e9ment caract\u00e9ristique du terrain (intersection, angle cl\u00f4ture, arbre..) et sur lequel la balise se situe. Sur chaque balise, le num\u00e9ro de code vous permettra de v\u00e9rifier votre emplacement et de lire les explications correspondantes.<\/p>\n<p style=\"text-align: justify;\">Ouvrez l\u2019\u0153il et trouvez les 7 balises !<\/p>\n<\/div>\n<div>\u00a0<\/div>\n<\/div>\n<\/div>\n<div id=\"ancre-caracteristiques\" class=\"row details\">\n<div class=\"col-12 col-md-8 offset-md-2 caracteristiques\">\n<div class=\"block-caracteristiques\">\n<div class=\"caracteristique\">\n<p><strong>Tarifs : <\/strong>Acc\u00e8s libre<\/p>\n<\/div>\n<\/div>\n<div class=\"block-caracteristiques\">\n<div class=\"caracteristique\">\n<p><strong>Ouverture : <\/strong>Toute l&rsquo;ann\u00e9e.<\/p>\n<\/div>\n<\/div>\n<div class=\"block-caracteristiques\">\n<div class=\"caracteristique\">\n<p><strong>Langues d&rsquo;accueil : <\/strong>Fran\u00e7ais<\/p>\n<\/div>\n<\/div>\n<div class=\"block-caracteristiques\">\n<div class=\"caracteristique\">\n<p><strong>Caract\u00e9ristique :\u00a0<\/strong><\/p>\n<div class=\"content-items\">\n<div class=\"item\">\n<div class=\"sit-item-value\">\n<div class=\"row\">\n<div class=\"col-8 libelle\">Praticable en famille avec enfants : oui<\/div>\n<\/div>\n<\/div>\n<\/div>\n<div class=\"item\">\n<div class=\"sit-item-value\">\n<div class=\"row\">\n<div class=\"col-8 libelle\">D\u00e9nivel\u00e9 positif : 70 m<\/div>\n<\/div>\n<\/div>\n<\/div>\n<div class=\"item\">\n<div class=\"sit-item-value\">\n<div class=\"row\">\n<div class=\"col-8 libelle\">Distance : 2.5km<\/div>\n<\/div>\n<\/div>\n<\/div>\n<div class=\"item\">\n<div class=\"sit-item-value\">\n<div class=\"row\">\n<div class=\"col-8 libelle\">Type itin\u00e9raire : Boucle<\/div>\n<div>\u00a0<\/div>\n<\/div>\n<\/div>\n<\/div>\n<\/div>\n<\/div>\n<\/div>\n<div class=\"block-caracteristiques\">\n<div class=\"caracteristique\"><strong>Fichiers t\u00e9l\u00e9chargeables<\/strong><\/div>\n<div><a href=\"https:\/\/www.lacotedaime.com\/Syndicat-Initiative\/wp-content\/uploads\/2020\/12\/LAPLAGNE_Orientation2020_1_CoteAime-Patrimoine_HD2.pdf\">LAPLAGNE_Orientation2020_1_CoteAime-Patrimoine_HD2<\/a><\/div>\n<\/div>\n<\/div>\n<\/div>\n<div>\u00a0<\/div>\n<div>ou<\/div>\n<div>\u00a0<\/div>\n<div><a href=\"https:\/\/www.la-plagne.com\/savourez-une-multitude-d-activites\/plongez-au-coeur-de-l-ete\/activites-nature\/parcours-d-orientation-patrimoine-sur-la-cote-d-aime\">https:\/\/www.la-plagne.com\/savourez-une-multitude-d-activites\/plongez-au-coeur-de-l-ete\/activites-nature\/parcours-d-orientation-patrimoine-sur-la-cote-d-aime<\/a><\/div>\n<div>\u00a0<\/div>\n<div>\u00a0<\/div>\n<div>\u00a0<\/div>\n<div>\u00a0<\/div>\n<h1>Parcours N\u00b02 : Valezan\/Montm\u00e9ry &#8211; Patrimoine<\/h1>\n<div>\u00a0<\/div>\n<div><a href=\"https:\/\/www.lacotedaime.com\/Syndicat-Initiative\/wp-content\/uploads\/2020\/12\/2020-12-21_154110.jpg\"><img decoding=\"async\" class=\"size-medium wp-image-4609 alignleft\" src=\"https:\/\/www.lacotedaime.com\/Syndicat-Initiative\/wp-content\/uploads\/2020\/12\/2020-12-21_154110-300x210.jpg\" alt=\"\" width=\"300\" height=\"210\" srcset=\"https:\/\/www.lacotedaime.com\/Syndicat-Initiative\/wp-content\/uploads\/2020\/12\/2020-12-21_154110-300x210.jpg 300w, https:\/\/www.lacotedaime.com\/Syndicat-Initiative\/wp-content\/uploads\/2020\/12\/2020-12-21_154110-1024x718.jpg 1024w, https:\/\/www.lacotedaime.com\/Syndicat-Initiative\/wp-content\/uploads\/2020\/12\/2020-12-21_154110-768x539.jpg 768w, https:\/\/www.lacotedaime.com\/Syndicat-Initiative\/wp-content\/uploads\/2020\/12\/2020-12-21_154110-1200x842.jpg 1200w, https:\/\/www.lacotedaime.com\/Syndicat-Initiative\/wp-content\/uploads\/2020\/12\/2020-12-21_154110.jpg 1236w\" sizes=\"(max-width: 300px) 100vw, 300px\" \/><\/a><\/div>\n<div>\u00a0<\/div>\n<div>\u00a0<\/div>\n<div>\n<div id=\"ancre-descriptif\" class=\"row\">\n<div class=\"col-12 col-md-8 offset-md-2\">\n<div class=\"body-text descriptif-court\" style=\"text-align: justify;\"><strong>Bienvenue sur le parcours d&rsquo;orientation patrimoine de Valezan-Montm\u00e9ry ! <\/strong><\/div>\n<div>\u00a0<\/div>\n<div class=\"body-text descriptif-court\" style=\"text-align: justify;\">D\u00e9couvrez ces deux hameaux typiques du Versant du Soleil. Un parcours de 3,3km avec 150mD+ et ses 9 balises.<\/div>\n<div style=\"text-align: justify;\">\u00a0<\/div>\n<div class=\"body-text\">\n<p style=\"text-align: justify;\">Avec cette carte d&rsquo;orientation, trouvez les balises dispos\u00e9es dans les hameaux de Valezan et de Montm\u00e9ry.<\/p>\n<p style=\"text-align: justify;\">A l&rsquo;aide de la l\u00e9gende et des symboles qui figurent sur la carte orientez-vous et rep\u00e9rez votre position ainsi que le cheminement que devez effectuer pour trouver les balises dans l&rsquo;ordre indiqu\u00e9.<\/p>\n<p style=\"text-align: justify;\">Le point de d\u00e9part est repr\u00e9sent\u00e9 par un triangle et chaque balise par un cercle avec son num\u00e9ro. C&rsquo;est au centre de chaque cercle que se situe un \u00e9l\u00e9ment caract\u00e9ristique du terrain (intersection, angle cl\u00f4ture, arbre..) et sur lequel la balise se situe. Sur chaque balise, le num\u00e9ro de code vous permettra de v\u00e9rifier votre emplacement et de lire les explications correspondantes.<\/p>\n<p style=\"text-align: justify;\">Ouvrez l\u2019\u0153il et trouvez les 9 balises !<\/p>\n<\/div>\n<div>\u00a0<\/div>\n<\/div>\n<\/div>\n<div id=\"ancre-caracteristiques\" class=\"row details\">\n<div class=\"col-12 col-md-8 offset-md-2 caracteristiques\">\n<div class=\"block-caracteristiques\">\n<div class=\"caracteristique\">\n<p><strong>Tarifs : a<\/strong>cc\u00e8s libre<\/p>\n<\/div>\n<\/div>\n<div class=\"block-caracteristiques\">\n<div class=\"caracteristique\">\n<p><strong>Ouverture : t<\/strong>oute l&rsquo;ann\u00e9e<\/p>\n<\/div>\n<\/div>\n<div class=\"block-caracteristiques\">\n<div class=\"caracteristique\">\n<p><strong>Langues d&rsquo;accueil : f<\/strong>ran\u00e7ais<\/p>\n<\/div>\n<\/div>\n<div class=\"block-caracteristiques\">\n<div class=\"caracteristique\">\n<p><strong>Caract\u00e9ristique :<\/strong><\/p>\n<div class=\"content-items\">\n<div class=\"item\">\n<div class=\"sit-item-value\">\n<div class=\"row\">\n<div class=\"col-8 libelle\">Praticable en famille avec enfants : oui<\/div>\n<\/div>\n<\/div>\n<\/div>\n<div class=\"item\">\n<div class=\"sit-item-value\">\n<div class=\"row\">\n<div class=\"col-8 libelle\">D\u00e9nivel\u00e9 positif : 150 m<\/div>\n<\/div>\n<\/div>\n<\/div>\n<div class=\"item\">\n<div class=\"sit-item-value\">\n<div class=\"row\">\n<div class=\"col-8 libelle\">Distance : 3.3km<\/div>\n<\/div>\n<\/div>\n<\/div>\n<div class=\"item\">\n<div class=\"sit-item-value\">\n<div class=\"row\">\n<div class=\"col-8 libelle\">Type itin\u00e9raire : boucle<\/div>\n<\/div>\n<\/div>\n<\/div>\n<\/div>\n<\/div>\n<\/div>\n<div class=\"block-caracteristiques\">\n<div class=\"caracteristique\">\n<p><strong>Fichiers t\u00e9l\u00e9chargeables<\/strong><\/p>\n<div class=\"content-items\">\n<div class=\"item\"><a href=\"https:\/\/www.la-plagne.com\/apidae\/download?url=http%3A\/\/static.apidae-tourisme.com\/filestore\/objets-touristiques\/documents\/97\/118\/8222305.pdf\" download=\"LAPLAGNE_Orientation2020_3_ValezanMontmery_Patrimoine_V2.pdf\">Parcours d&rsquo;orientation Valezean Montmery<\/a><\/div>\n<\/div>\n<\/div>\n<\/div>\n<\/div>\n<\/div>\n<\/div>\n<div>\u00a0<\/div>\n<div>ou<\/div>\n<div>\n<div id=\"ancre-caracteristiques\" class=\"row details\">\n<div class=\"col-12 col-md-8 offset-md-2 caracteristiques\">\n<div class=\"block-caracteristiques\">\n<div class=\"caracteristique\">\n<div class=\"content-items\">\n<div>\u00a0<\/div>\n<div><a href=\"https:\/\/www.lacotedaime.com\/Syndicat-Initiative\/wp-content\/uploads\/2020\/12\/LAPLAGNE_Orientation2020_3_ValezanMontmery_Patrimoine_HD2.pdf\">\u00a0parcours d&rsquo;Orientation pour LAPLAGNE_Orientation2020_3_ValezanMontmery_Patrimoine_HD2<\/a><\/div>\n<\/div>\n<div>\u00a0<\/div>\n<\/div>\n<\/div>\n<\/div>\n<\/div>\n<\/div>\n<div>\u00a0<\/div>\n<div>\u00a0<\/div>\n<h1>Parcours N\u00b03 : La C\u00f4te D&rsquo;aime &#8211; Loisirs<\/h1>\n<div><a href=\"https:\/\/www.lacotedaime.com\/Syndicat-Initiative\/wp-content\/uploads\/2020\/12\/2020-12-21_153915.jpg\"><img decoding=\"async\" class=\"size-medium wp-image-4611 alignleft\" src=\"https:\/\/www.lacotedaime.com\/Syndicat-Initiative\/wp-content\/uploads\/2020\/12\/2020-12-21_153915-300x211.jpg\" alt=\"\" width=\"300\" height=\"211\" srcset=\"https:\/\/www.lacotedaime.com\/Syndicat-Initiative\/wp-content\/uploads\/2020\/12\/2020-12-21_153915-300x211.jpg 300w, https:\/\/www.lacotedaime.com\/Syndicat-Initiative\/wp-content\/uploads\/2020\/12\/2020-12-21_153915-1024x719.jpg 1024w, https:\/\/www.lacotedaime.com\/Syndicat-Initiative\/wp-content\/uploads\/2020\/12\/2020-12-21_153915-768x539.jpg 768w, https:\/\/www.lacotedaime.com\/Syndicat-Initiative\/wp-content\/uploads\/2020\/12\/2020-12-21_153915-1200x843.jpg 1200w, https:\/\/www.lacotedaime.com\/Syndicat-Initiative\/wp-content\/uploads\/2020\/12\/2020-12-21_153915.jpg 1233w\" sizes=\"(max-width: 300px) 100vw, 300px\" \/><\/a><\/div>\n<div>\u00a0<\/div>\n<div>\n<div id=\"ancre-descriptif\" class=\"row\">\n<div class=\"col-12 col-md-8 offset-md-2\">\n<div class=\"body-text descriptif-court\" style=\"text-align: justify;\"><strong>Bienvenue sur le parcours d&rsquo;orientation randonn\u00e9e sur la C\u00f4te d&rsquo;Aime !<\/strong><\/div>\n<div style=\"text-align: justify;\">\u00a0<\/div>\n<div class=\"body-text descriptif-court\" style=\"text-align: justify;\">D\u00e9couvrez ces villages anciens, les vignes et vergers de ce village perch\u00e9.<\/div>\n<div>\u00a0<\/div>\n<div class=\"body-text descriptif-court\" style=\"text-align: justify;\">Un parcours facile de 6km avec 275mD+ et ses 10 balises.<\/div>\n<div class=\"body-text\" style=\"text-align: justify;\">\n<p>Avec cette carte d&rsquo;orientation, trouvez les balises dispos\u00e9es dans les hameaux de la C\u00f4te d&rsquo;Aime<\/p>\n<p>A l&rsquo;aide de la l\u00e9gende et des symboles qui figurent sur la carte orientez-vous et rep\u00e9rez votre position ainsi que le cheminement que devez effectuer pour trouver les balises dans l&rsquo;ordre indiqu\u00e9.<\/p>\n<p>Le point de d\u00e9part est repr\u00e9sent\u00e9 par un triangle et chaque balise par un cercle avec son num\u00e9ro. C&rsquo;est au centre de chaque cercle que se situe un \u00e9l\u00e9ment caract\u00e9ristique du terrain (intersection, angle cl\u00f4ture, arbre..) et sur lequel la balise se situe. Sur chaque balise, le num\u00e9ro de code vous permettra de v\u00e9rifier votre emplacement et de lire les explications correspondantes.<\/p>\n<p>Ouvrez l\u2019\u0153il et trouvez les 10 balises !<\/p>\n<\/div>\n<div style=\"text-align: justify;\">\u00a0<\/div>\n<\/div>\n<\/div>\n<div id=\"ancre-caracteristiques\" class=\"row details\">\n<div class=\"col-12 col-md-8 offset-md-2 caracteristiques\">\n<div class=\"block-caracteristiques\">\n<div class=\"caracteristique\">\n<p><strong>Tarifs : a<\/strong>cc\u00e8s libre<\/p>\n<\/div>\n<\/div>\n<div class=\"block-caracteristiques\">\n<div class=\"caracteristique\">\n<p><strong>Ouverture : t<\/strong>oute l&rsquo;ann\u00e9e.<\/p>\n<\/div>\n<\/div>\n<div class=\"block-caracteristiques\">\n<div class=\"caracteristique\">\n<p><strong>Langues d&rsquo;accueil : f<\/strong>ran\u00e7ais<\/p>\n<\/div>\n<\/div>\n<div class=\"block-caracteristiques\">\n<div class=\"caracteristique\">\n<p><strong>Caract\u00e9ristique<\/strong><\/p>\n<div class=\"content-items\">\n<div class=\"item\">\n<div class=\"sit-item-value\">\n<div class=\"row\">\n<div class=\"col-8 libelle\">Praticable en famille avec enfants : oui<\/div>\n<\/div>\n<\/div>\n<\/div>\n<div class=\"item\">\n<div class=\"sit-item-value\">\n<div class=\"row\">\n<div class=\"col-8 libelle\">D\u00e9nivel\u00e9 positif : 275 m<\/div>\n<\/div>\n<\/div>\n<\/div>\n<div class=\"item\">\n<div class=\"sit-item-value\">\n<div class=\"row\">\n<div class=\"col-8 libelle\">Distance : 6km<\/div>\n<\/div>\n<\/div>\n<\/div>\n<div class=\"item\">\n<div class=\"sit-item-value\">\n<div class=\"row\">\n<div class=\"col-8 libelle\">Type itin\u00e9raire : boucle<\/div>\n<div>\u00a0<\/div>\n<\/div>\n<\/div>\n<\/div>\n<\/div>\n<\/div>\n<\/div>\n<div class=\"block-caracteristiques\">\n<div class=\"caracteristique\"><strong>Fichiers t\u00e9l\u00e9chargeables<\/strong><\/div>\n<div>https:\/\/www.la-plagne.com\/savourez-une-multitude-d-activites\/plongez-au-coeur-de-l-ete\/activites-nature\/parcours-d-orientation-randonnee-sur-la-cote-d-aime<\/div>\n<div>\u00a0<\/div>\n<\/div>\n<\/div>\n<\/div>\n<\/div>\n<div>ou<\/div>\n<div>\u00a0<\/div>\n<div><a href=\"https:\/\/www.lacotedaime.com\/Syndicat-Initiative\/wp-content\/uploads\/2020\/12\/LAPLAGNE_Orientation2020_2_CoteAime-Loisirs_HD2.pdf\">LAPLAGNE_Orientation2020_2_CoteAime-Loisirs_HD2<\/a><\/div>\n<div>\u00a0<\/div>\n<div>\u00a0<\/div>\n<div>\u00a0<\/div>\n<div><strong>Retrouvez tout les parcours d&rsquo;orientation propos\u00e9s dans notre vall\u00e9e sur :<\/strong><\/div>\n<div><a href=\"https:\/\/www.la-plagne.com\/savourez-une-multitude-d-activites\/plongez-au-coeur-de-l-ete\/course-d-orientation\">https:\/\/www.la-plagne.com\/savourez-une-multitude-d-activites\/plongez-au-coeur-de-l-ete\/course-d-orientation<\/a><\/div>\n<div>\u00a0<\/div>\n<div>\u00a0<\/div>\n","protected":false},"excerpt":{"rendered":"<p>\u00a0 3 Parcours d&rsquo;orientation pour plus de choix et de plaisir ! \u00a0 \u00a0 Parcours n\u00b01 : La C\u00f4te d&rsquo;Aime &#8211; Patrimoine \u00a0 \u00a0 Bienvenue sur le parcours d&rsquo;orientation patrimoine&hellip; <\/p>\n","protected":false},"author":4,"featured_media":0,"parent":804,"menu_order":0,"comment_status":"closed","ping_status":"closed","template":"","meta":{"footnotes":"","_links_to":"","_links_to_target":""},"class_list":["post-4607","page","type-page","status-publish","hentry"],"_links":{"self":[{"href":"https:\/\/www.lacotedaime.com\/Syndicat-Initiative\/wp-json\/wp\/v2\/pages\/4607","targetHints":{"allow":["GET"]}}],"collection":[{"href":"https:\/\/www.lacotedaime.com\/Syndicat-Initiative\/wp-json\/wp\/v2\/pages"}],"about":[{"href":"https:\/\/www.lacotedaime.com\/Syndicat-Initiative\/wp-json\/wp\/v2\/types\/page"}],"author":[{"embeddable":true,"href":"https:\/\/www.lacotedaime.com\/Syndicat-Initiative\/wp-json\/wp\/v2\/users\/4"}],"replies":[{"embeddable":true,"href":"https:\/\/www.lacotedaime.com\/Syndicat-Initiative\/wp-json\/wp\/v2\/comments?post=4607"}],"version-history":[{"count":8,"href":"https:\/\/www.lacotedaime.com\/Syndicat-Initiative\/wp-json\/wp\/v2\/pages\/4607\/revisions"}],"predecessor-version":[{"id":5175,"href":"https:\/\/www.lacotedaime.com\/Syndicat-Initiative\/wp-json\/wp\/v2\/pages\/4607\/revisions\/5175"}],"up":[{"embeddable":true,"href":"https:\/\/www.lacotedaime.com\/Syndicat-Initiative\/wp-json\/wp\/v2\/pages\/804"}],"wp:attachment":[{"href":"https:\/\/www.lacotedaime.com\/Syndicat-Initiative\/wp-json\/wp\/v2\/media?parent=4607"}],"curies":[{"name":"wp","href":"https:\/\/api.w.org\/{rel}","templated":true}]}}