{"id":3969,"date":"2019-07-23T15:31:40","date_gmt":"2019-07-23T14:31:40","guid":{"rendered":"http:\/\/www.lacotedaime.com\/Syndicat-Initiative\/?page_id=3969"},"modified":"2025-07-08T10:06:56","modified_gmt":"2025-07-08T09:06:56","slug":"parcours-vae-patrimoine","status":"publish","type":"page","link":"https:\/\/www.lacotedaime.com\/Syndicat-Initiative\/loisirs-et-nature\/parcours-vae-patrimoine\/","title":{"rendered":"Parcours V\u00e9lo \u00e0 Assistance Electrique (VAE) et VTT"},"content":{"rendered":"<p>2 parcours VAE sur le territoire de La C\u00f4te d&rsquo;Aime\/Valezan<\/p>\n<p>&nbsp;<\/p>\n<h1><strong><span style=\"color: #ff0000;\">PARCOURS 1 : DECOUVERTE DU PATRIMOINE ET DE MONTMERY EN V\u00c9LO A ASSISTANCE ELECTRIQUE (V.A.E)<\/span><\/strong><\/h1>\n<p><a href=\"https:\/\/www.lacotedaime.com\/Syndicat-Initiative\/wp-content\/uploads\/2019\/07\/IMG_1790.jpg\"><img decoding=\"async\" class=\"alignleft size-medium wp-image-3689\" src=\"https:\/\/www.lacotedaime.com\/Syndicat-Initiative\/wp-content\/uploads\/2019\/07\/IMG_1790-200x300.jpg\" alt=\"\" width=\"200\" height=\"300\" srcset=\"https:\/\/www.lacotedaime.com\/Syndicat-Initiative\/wp-content\/uploads\/2019\/07\/IMG_1790-200x300.jpg 200w, https:\/\/www.lacotedaime.com\/Syndicat-Initiative\/wp-content\/uploads\/2019\/07\/IMG_1790-768x1152.jpg 768w, https:\/\/www.lacotedaime.com\/Syndicat-Initiative\/wp-content\/uploads\/2019\/07\/IMG_1790-683x1024.jpg 683w\" sizes=\"(max-width: 200px) 100vw, 200px\" \/><\/a><\/p>\n<p>Un parcours <strong>balis\u00e9 N\u00b01<\/strong>, en autonomie, sous votre responsabilit\u00e9, \u00e0 travers vignes, vergers, \u00e0 la d\u00e9couverte des \u00e9glises, chapelles, mais aussi fruiti\u00e8re, \u00e9cole d&rsquo;autrefois, Maison mus\u00e9e de Joann\u00e8s.<\/p>\n<p><strong>Sur r\u00e9servation<\/strong> vous pouvez \u00e9galement\u00a0 profiter d&rsquo;une visite comment\u00e9e du hameau de Montm\u00e9ry et de la maison de Joann\u00e8s vous plongeant dans l&rsquo;atmosph\u00e8re du d\u00e9but du si\u00e8cle dernier.<\/p>\n<p>Tous les renseignements se trouvent sur la plaquette ci-jointe.<\/p>\n<p><span style=\"text-decoration: underline;\"><strong><span style=\"color: #ff0000;\"><a style=\"color: #ff0000; text-decoration: underline;\" href=\"https:\/\/www.lacotedaime.com\/Syndicat-Initiative\/wp-content\/uploads\/2019\/11\/Plaquette-patrimoine-VAE-2019.pdf\">T\u00e9l\u00e9charger la plaquette et le plan patrimoine VAE <\/a><\/span><\/strong><\/span><\/p>\n<p><strong>Vous disposez ci dessous de la visualisation du parcours :<\/strong><\/p>\n<p>[lfh-gpx src=\u00a0\u00bbhttps:\/\/www.lacotedaime.com\/Syndicat-Initiative\/wp-content\/uploads\/2019\/07\/parcours_patrimoine2.gpx\u00a0\u00bb title=\u00a0\u00bbparcours patrimoine\u00a0\u00bb button=false color=blue width=5 ]Ins\u00e9rez votre description format\u00e9e ici[\/lfh-gpx]<\/p>\n<p>&nbsp;<\/p>\n<p>Vous pouvez aussi t\u00e9l\u00e9charger le fichier du parcours ici : <strong><a style=\"color: #ff0000;\" href=\"https:\/\/www.lacotedaime.com\/Syndicat-Initiative\/wp-content\/uploads\/2019\/07\/parcours_patrimoine2.gpx\" target=\"_blank\" rel=\"noopener noreferrer\" download=\"\">parcours VAE patrimoine<\/a> <\/strong>sur votre t\u00e9l\u00e9phone ou tablette au format .GPX\u00a0 pour profiter du trac\u00e9 GPS et d&rsquo;informations compl\u00e9mentaires sur votre application.<\/p>\n<p>&nbsp;<\/p>\n<p>&nbsp;<\/p>\n<h1><strong><span style=\"color: #3366ff;\">PARCOURS 2 : D\u00c9COUVERTE DES RICHESSES NATURELLES DU VERSANT DU SOLEIL EN V\u00c9LO A ASSISTANCE ELECTRIQUE (V.A.E).<\/span><\/strong><\/h1>\n<p><a href=\"https:\/\/www.lacotedaime.com\/Syndicat-Initiative\/wp-content\/uploads\/2019\/07\/IMG_0127.jpg\"><img decoding=\"async\" class=\"alignleft size-medium wp-image-3690\" src=\"https:\/\/www.lacotedaime.com\/Syndicat-Initiative\/wp-content\/uploads\/2019\/07\/IMG_0127-300x225.jpg\" alt=\"\" width=\"300\" height=\"225\" srcset=\"https:\/\/www.lacotedaime.com\/Syndicat-Initiative\/wp-content\/uploads\/2019\/07\/IMG_0127-300x225.jpg 300w, https:\/\/www.lacotedaime.com\/Syndicat-Initiative\/wp-content\/uploads\/2019\/07\/IMG_0127-768x576.jpg 768w, https:\/\/www.lacotedaime.com\/Syndicat-Initiative\/wp-content\/uploads\/2019\/07\/IMG_0127-1024x768.jpg 1024w, https:\/\/www.lacotedaime.com\/Syndicat-Initiative\/wp-content\/uploads\/2019\/07\/IMG_0127.jpg 1632w\" sizes=\"(max-width: 300px) 100vw, 300px\" \/><\/a><\/p>\n<p><strong>Venez d\u00e9couvrir les richesses naturelles du Versant du Soleil\u00a0: <\/strong><strong>vall\u00e9es et moraines glaciaires, affleurements de gypse, vestiges de mines d\u2019anthracite, for\u00eats et p\u00e2turages, \u2026<\/strong><strong>situ\u00e9es dans leur contexte <\/strong><strong>g\u00e9ologique<\/strong><strong>. <\/strong><\/p>\n<p>Le parcours <strong>balis\u00e9 N\u00b02<\/strong> en V\u00e9lo \u00e0 Assistance Electrique (recommand\u00e9)\u00a0 en autonomie et sous votre responsabilit\u00e9, est de difficult\u00e9 moyenne\u00a0 et emprunte des petites routes asphalt\u00e9es et des portions de routes en terre.<\/p>\n<p>Il permet de situer concr\u00e8tement les richesses naturelles du Versant du Soleil, en profitant d\u2019une magnifique balade.<\/p>\n<p>Tous les renseignements se trouvent sur la plaquette ci-jointe.<\/p>\n<p><strong><span style=\"text-decoration: underline;\"><span style=\"color: #ff0000;\"><a style=\"color: #ff0000; text-decoration: underline;\" href=\"https:\/\/www.lacotedaime.com\/Syndicat-Initiative\/wp-content\/uploads\/2019\/11\/plaquette-richesse-VAE.pdf\">T\u00e9l\u00e9charger la plaquette et le plan richesse VAE<\/a><\/span><\/span><\/strong><\/p>\n<p>Un livret d\u2019accompagnement disponible ICI permet \u00e0 tous de faire r\u00e9f\u00e9rence en particulier aux bases simplifi\u00e9es de la g\u00e9ologie et \u00e0 la description des for\u00eats et p\u00e2turages .<\/p>\n<p><strong><span style=\"text-decoration: underline;\"><span style=\"color: #ff0000;\"><a style=\"color: #ff0000; text-decoration: underline;\" href=\"https:\/\/www.lacotedaime.com\/Syndicat-Initiative\/wp-content\/uploads\/2019\/11\/0515-LIVRET-12P-GE\u0301OLOGIE-BAT1.pdf\">T\u00e9l\u00e9charger le livret d&rsquo;accompagnement<\/a><\/span><\/span><\/strong><\/p>\n<p><strong>Vous disposez ci dessous de la visualisation du parcours :<\/strong><\/p>\n<p>[lfh-gpx src=\u00a0\u00bbhttps:\/\/www.lacotedaime.com\/Syndicat-Initiative\/wp-content\/uploads\/2019\/11\/Parcours_Richesses_Naturelles-17112019.gpx\u00a0\u00bb title=\u00a0\u00bbParcours VAE Richesses Naturelles\u00a0\u00bb button=false color=blue width=5 ]<\/p>\n<p>&nbsp;<\/p>\n<p>Vous pouvez aussi t\u00e9l\u00e9charger le fichier du parcours ici : <a style=\"color: #ff0000;\" href=\"https:\/\/www.lacotedaime.com\/Syndicat-Initiative\/wp-content\/uploads\/2019\/11\/Parcours_Richesses_Naturelles-17112019.gpx\" target=\"_blank\" rel=\"noopener noreferrer\" download=\"\"><strong>parcours VAE richesses naturelles<\/strong><\/a> sur votre t\u00e9l\u00e9phone ou tablette au format .GPX\u00a0 pour profiter du trac\u00e9 GPS et d&rsquo;informations compl\u00e9mentaires sur votre application.<\/p>\n<p>&nbsp;<\/p>\n<p>&nbsp;<\/p>\n<h1>Parcours VTT<\/h1>\n<p>&nbsp;<\/p>\n<p><a href=\"https:\/\/www.lacotedaime.com\/Syndicat-Initiative\/wp-content\/uploads\/2018\/12\/noir-equitation-ciel-loisirs-velo_1150-1015.jpg\"><img decoding=\"async\" class=\"size-medium wp-image-3471 alignright\" src=\"https:\/\/www.lacotedaime.com\/Syndicat-Initiative\/wp-content\/uploads\/2018\/12\/noir-equitation-ciel-loisirs-velo_1150-1015-300x200.jpg\" alt=\"\" width=\"300\" height=\"200\" srcset=\"https:\/\/www.lacotedaime.com\/Syndicat-Initiative\/wp-content\/uploads\/2018\/12\/noir-equitation-ciel-loisirs-velo_1150-1015-300x200.jpg 300w, https:\/\/www.lacotedaime.com\/Syndicat-Initiative\/wp-content\/uploads\/2018\/12\/noir-equitation-ciel-loisirs-velo_1150-1015.jpg 626w\" sizes=\"(max-width: 300px) 100vw, 300px\" \/><\/a>La route Panoramique du Versant du Soleil qui permet de relier aime \u00e0 Bourg Saint Maurice par la Montagne traverse les hameaux de la C\u00f4te d\u2019Aime et offre un panorama unique sur le Mont Pourri.<\/p>\n<p>Id\u00e9e de circuit : au d\u00e9part d\u2019Aime, emprunter le CD 86 jusqu\u2019\u00e0 Bourg Saint Maurice, retour par la voie verte le long de l\u2019Is\u00e8re: 34km.<\/p>\n<p>De nombreux itin\u00e9raires cyclos sont \u00e9galement r\u00e9alisables dans la vall\u00e9e, des familles aux cyclos grimpeurs les plus hardis .<\/p>\n<p><a href=\"http:\/\/www.savoie-mont-blanc.com\/Magazine\/Activites-et-detente\/Cyclo\/Top-10-des-cols-en-velo-en-Savoie-Mont-Blanc\" target=\"_blank\" rel=\"noopener noreferrer\">En savoir plus &#8230;\u00a0\u00a0<\/a><\/p>\n<p>&nbsp;<\/p>\n<p><span style=\"text-decoration: underline; color: #333399;\"><strong>La travers\u00e9e du Beaufortain<\/strong><\/span><\/p>\n<p><a href=\"https:\/\/www.lacotedaime.com\/Syndicat-Initiative\/wp-content\/uploads\/2019\/11\/fiche-savoie-mt-blanc-1.jpg\"><img decoding=\"async\" class=\" wp-image-4241 alignleft\" src=\"https:\/\/www.lacotedaime.com\/Syndicat-Initiative\/wp-content\/uploads\/2019\/11\/fiche-savoie-mt-blanc-1-300x212.jpg\" alt=\"\" width=\"403\" height=\"285\" srcset=\"https:\/\/www.lacotedaime.com\/Syndicat-Initiative\/wp-content\/uploads\/2019\/11\/fiche-savoie-mt-blanc-1-300x212.jpg 300w, https:\/\/www.lacotedaime.com\/Syndicat-Initiative\/wp-content\/uploads\/2019\/11\/fiche-savoie-mt-blanc-1-768x543.jpg 768w, https:\/\/www.lacotedaime.com\/Syndicat-Initiative\/wp-content\/uploads\/2019\/11\/fiche-savoie-mt-blanc-1-1024x724.jpg 1024w, https:\/\/www.lacotedaime.com\/Syndicat-Initiative\/wp-content\/uploads\/2019\/11\/fiche-savoie-mt-blanc-1-1200x849.jpg 1200w\" sizes=\"(max-width: 403px) 100vw, 403px\" \/><\/a><a href=\"https:\/\/www.lacotedaime.com\/Syndicat-Initiative\/wp-content\/uploads\/2019\/11\/fiche-savoie-mt-blanc-2.jpg\"><img decoding=\"async\" class=\" wp-image-4242 alignleft\" src=\"https:\/\/www.lacotedaime.com\/Syndicat-Initiative\/wp-content\/uploads\/2019\/11\/fiche-savoie-mt-blanc-2-300x212.jpg\" alt=\"\" width=\"420\" height=\"297\" srcset=\"https:\/\/www.lacotedaime.com\/Syndicat-Initiative\/wp-content\/uploads\/2019\/11\/fiche-savoie-mt-blanc-2-300x212.jpg 300w, https:\/\/www.lacotedaime.com\/Syndicat-Initiative\/wp-content\/uploads\/2019\/11\/fiche-savoie-mt-blanc-2-768x543.jpg 768w, https:\/\/www.lacotedaime.com\/Syndicat-Initiative\/wp-content\/uploads\/2019\/11\/fiche-savoie-mt-blanc-2-1024x724.jpg 1024w, https:\/\/www.lacotedaime.com\/Syndicat-Initiative\/wp-content\/uploads\/2019\/11\/fiche-savoie-mt-blanc-2-1200x849.jpg 1200w\" sizes=\"(max-width: 420px) 100vw, 420px\" \/><\/a><\/p>\n<p>&nbsp;<\/p>\n<p>&nbsp;<\/p>\n<p>&nbsp;<\/p>\n<p>&nbsp;<\/p>\n","protected":false},"excerpt":{"rendered":"<p>2 parcours VAE sur le territoire de La C\u00f4te d&rsquo;Aime\/Valezan &nbsp; PARCOURS 1 : DECOUVERTE DU PATRIMOINE ET DE MONTMERY EN V\u00c9LO A ASSISTANCE ELECTRIQUE (V.A.E) Un parcours balis\u00e9 N\u00b01,&hellip; <\/p>\n","protected":false},"author":1,"featured_media":0,"parent":804,"menu_order":0,"comment_status":"closed","ping_status":"closed","template":"","meta":{"footnotes":"","_links_to":"","_links_to_target":""},"class_list":["post-3969","page","type-page","status-publish","hentry"],"_links":{"self":[{"href":"https:\/\/www.lacotedaime.com\/Syndicat-Initiative\/wp-json\/wp\/v2\/pages\/3969","targetHints":{"allow":["GET"]}}],"collection":[{"href":"https:\/\/www.lacotedaime.com\/Syndicat-Initiative\/wp-json\/wp\/v2\/pages"}],"about":[{"href":"https:\/\/www.lacotedaime.com\/Syndicat-Initiative\/wp-json\/wp\/v2\/types\/page"}],"author":[{"embeddable":true,"href":"https:\/\/www.lacotedaime.com\/Syndicat-Initiative\/wp-json\/wp\/v2\/users\/1"}],"replies":[{"embeddable":true,"href":"https:\/\/www.lacotedaime.com\/Syndicat-Initiative\/wp-json\/wp\/v2\/comments?post=3969"}],"version-history":[{"count":21,"href":"https:\/\/www.lacotedaime.com\/Syndicat-Initiative\/wp-json\/wp\/v2\/pages\/3969\/revisions"}],"predecessor-version":[{"id":5555,"href":"https:\/\/www.lacotedaime.com\/Syndicat-Initiative\/wp-json\/wp\/v2\/pages\/3969\/revisions\/5555"}],"up":[{"embeddable":true,"href":"https:\/\/www.lacotedaime.com\/Syndicat-Initiative\/wp-json\/wp\/v2\/pages\/804"}],"wp:attachment":[{"href":"https:\/\/www.lacotedaime.com\/Syndicat-Initiative\/wp-json\/wp\/v2\/media?parent=3969"}],"curies":[{"name":"wp","href":"https:\/\/api.w.org\/{rel}","templated":true}]}}