{"id":2783,"date":"2017-09-26T11:47:22","date_gmt":"2017-09-26T10:47:22","guid":{"rendered":"http:\/\/www.lacotedaime.com\/Syndicat-Initiative\/?page_id=2783"},"modified":"2024-09-13T16:50:20","modified_gmt":"2024-09-13T15:50:20","slug":"fete-de-la-pomme-7-et-8-octobre-2017","status":"publish","type":"page","link":"https:\/\/www.lacotedaime.com\/Syndicat-Initiative\/fete-de-la-pomme-7-et-8-octobre-2017\/","title":{"rendered":"L&rsquo;entretien des Sentiers"},"content":{"rendered":"<p>Au mois de juin se d\u00e9roule la journ\u00e9e d&rsquo;entretien des sentiers.<\/p>\n<p>Cette journ\u00e9e est essentielle afin de permettre aux habitants et aux touristes de pouvoir emprunter facilement et de mani\u00e8re s\u00e9curitaire nos sentiers. L\u2019entretien des biefs permets quant \u00e0 lui en plus de pouvoir les emprunter, de faire \u00e9couler l\u2019eau correctement et \u00e9viter au maximum les inondations et les d\u00e9bordements.<\/p>\n<p>Cette initiative propos\u00e9e toutes les ann\u00e9es est un moment de solidarit\u00e9 entre habitant.<\/p>\n<p>&nbsp;<\/p>\n<p>Le repas est offert par le syndicat d&rsquo;initiative \u00e0 tous les b\u00e9n\u00e9voles afin de les remercier de leur participation.<\/p>\n<p>&nbsp;<\/p>\n<p>&nbsp;<\/p>\n<h3><span style=\"color: #ff0000;\">Retour en image de l&rsquo;entretien des sentier 2024 :<\/span><\/h3>\n<table style=\"border-collapse: collapse; width: 100%;\">\n<tbody>\n<tr>\n<td style=\"width: 25%;\">\u00a0<\/p>\n<h3><a href=\"https:\/\/www.lacotedaime.com\/Syndicat-Initiative\/wp-content\/uploads\/2024\/09\/copie-scaled.jpg\"><img decoding=\"async\" class=\"alignright size-medium wp-image-5381\" src=\"https:\/\/www.lacotedaime.com\/Syndicat-Initiative\/wp-content\/uploads\/2024\/09\/copie-300x202.jpg\" alt=\"\" width=\"300\" height=\"202\" srcset=\"https:\/\/www.lacotedaime.com\/Syndicat-Initiative\/wp-content\/uploads\/2024\/09\/copie-300x202.jpg 300w, https:\/\/www.lacotedaime.com\/Syndicat-Initiative\/wp-content\/uploads\/2024\/09\/copie-1024x688.jpg 1024w, https:\/\/www.lacotedaime.com\/Syndicat-Initiative\/wp-content\/uploads\/2024\/09\/copie-768x516.jpg 768w, https:\/\/www.lacotedaime.com\/Syndicat-Initiative\/wp-content\/uploads\/2024\/09\/copie-1536x1032.jpg 1536w, https:\/\/www.lacotedaime.com\/Syndicat-Initiative\/wp-content\/uploads\/2024\/09\/copie-2048x1377.jpg 2048w, https:\/\/www.lacotedaime.com\/Syndicat-Initiative\/wp-content\/uploads\/2024\/09\/copie-1200x807.jpg 1200w\" sizes=\"(max-width: 300px) 100vw, 300px\" \/><\/a><\/h3>\n<\/td>\n<td style=\"width: 25%;\"><a href=\"https:\/\/www.lacotedaime.com\/Syndicat-Initiative\/wp-content\/uploads\/2024\/07\/20240608_094723-scaled.jpg\"><img decoding=\"async\" class=\"alignright size-medium wp-image-5135\" src=\"https:\/\/www.lacotedaime.com\/Syndicat-Initiative\/wp-content\/uploads\/2024\/07\/20240608_094723-225x300.jpg\" alt=\"\" width=\"225\" height=\"300\" srcset=\"https:\/\/www.lacotedaime.com\/Syndicat-Initiative\/wp-content\/uploads\/2024\/07\/20240608_094723-225x300.jpg 225w, https:\/\/www.lacotedaime.com\/Syndicat-Initiative\/wp-content\/uploads\/2024\/07\/20240608_094723-768x1024.jpg 768w, https:\/\/www.lacotedaime.com\/Syndicat-Initiative\/wp-content\/uploads\/2024\/07\/20240608_094723-1152x1536.jpg 1152w, https:\/\/www.lacotedaime.com\/Syndicat-Initiative\/wp-content\/uploads\/2024\/07\/20240608_094723-1536x2048.jpg 1536w, https:\/\/www.lacotedaime.com\/Syndicat-Initiative\/wp-content\/uploads\/2024\/07\/20240608_094723-1200x1600.jpg 1200w, https:\/\/www.lacotedaime.com\/Syndicat-Initiative\/wp-content\/uploads\/2024\/07\/20240608_094723-scaled.jpg 1920w\" sizes=\"(max-width: 225px) 100vw, 225px\" \/><\/a><\/td>\n<td style=\"width: 25%;\"><a href=\"https:\/\/www.lacotedaime.com\/Syndicat-Initiative\/wp-content\/uploads\/2024\/07\/20240608_101117-scaled.jpg\"><img decoding=\"async\" class=\"alignright size-medium wp-image-5136\" src=\"https:\/\/www.lacotedaime.com\/Syndicat-Initiative\/wp-content\/uploads\/2024\/07\/20240608_101117-225x300.jpg\" alt=\"\" width=\"225\" height=\"300\" srcset=\"https:\/\/www.lacotedaime.com\/Syndicat-Initiative\/wp-content\/uploads\/2024\/07\/20240608_101117-225x300.jpg 225w, https:\/\/www.lacotedaime.com\/Syndicat-Initiative\/wp-content\/uploads\/2024\/07\/20240608_101117-768x1024.jpg 768w, https:\/\/www.lacotedaime.com\/Syndicat-Initiative\/wp-content\/uploads\/2024\/07\/20240608_101117-1152x1536.jpg 1152w, https:\/\/www.lacotedaime.com\/Syndicat-Initiative\/wp-content\/uploads\/2024\/07\/20240608_101117-1536x2048.jpg 1536w, https:\/\/www.lacotedaime.com\/Syndicat-Initiative\/wp-content\/uploads\/2024\/07\/20240608_101117-1200x1600.jpg 1200w, https:\/\/www.lacotedaime.com\/Syndicat-Initiative\/wp-content\/uploads\/2024\/07\/20240608_101117-scaled.jpg 1920w\" sizes=\"(max-width: 225px) 100vw, 225px\" \/><\/a><\/td>\n<td style=\"width: 25%;\">\n<h3><a href=\"https:\/\/www.lacotedaime.com\/Syndicat-Initiative\/wp-content\/uploads\/2024\/09\/20240608_124310-scaled.jpg\"><img decoding=\"async\" class=\"alignright size-medium wp-image-5323\" src=\"https:\/\/www.lacotedaime.com\/Syndicat-Initiative\/wp-content\/uploads\/2024\/09\/20240608_124310-225x300.jpg\" alt=\"\" width=\"225\" height=\"300\" srcset=\"https:\/\/www.lacotedaime.com\/Syndicat-Initiative\/wp-content\/uploads\/2024\/09\/20240608_124310-225x300.jpg 225w, https:\/\/www.lacotedaime.com\/Syndicat-Initiative\/wp-content\/uploads\/2024\/09\/20240608_124310-768x1024.jpg 768w, https:\/\/www.lacotedaime.com\/Syndicat-Initiative\/wp-content\/uploads\/2024\/09\/20240608_124310-1152x1536.jpg 1152w, https:\/\/www.lacotedaime.com\/Syndicat-Initiative\/wp-content\/uploads\/2024\/09\/20240608_124310-1536x2048.jpg 1536w, https:\/\/www.lacotedaime.com\/Syndicat-Initiative\/wp-content\/uploads\/2024\/09\/20240608_124310-1200x1600.jpg 1200w, https:\/\/www.lacotedaime.com\/Syndicat-Initiative\/wp-content\/uploads\/2024\/09\/20240608_124310-scaled.jpg 1920w\" sizes=\"(max-width: 225px) 100vw, 225px\" \/><\/a><\/h3>\n<\/td>\n<\/tr>\n<\/tbody>\n<\/table>\n","protected":false},"excerpt":{"rendered":"<p>Au mois de juin se d\u00e9roule la journ\u00e9e d&rsquo;entretien des sentiers. Cette journ\u00e9e est essentielle afin de permettre aux habitants et aux touristes de pouvoir emprunter facilement et de mani\u00e8re&hellip; <\/p>\n","protected":false},"author":4,"featured_media":0,"parent":0,"menu_order":0,"comment_status":"closed","ping_status":"closed","template":"","meta":{"footnotes":"","_links_to":"","_links_to_target":""},"class_list":["post-2783","page","type-page","status-publish","hentry"],"_links":{"self":[{"href":"https:\/\/www.lacotedaime.com\/Syndicat-Initiative\/wp-json\/wp\/v2\/pages\/2783","targetHints":{"allow":["GET"]}}],"collection":[{"href":"https:\/\/www.lacotedaime.com\/Syndicat-Initiative\/wp-json\/wp\/v2\/pages"}],"about":[{"href":"https:\/\/www.lacotedaime.com\/Syndicat-Initiative\/wp-json\/wp\/v2\/types\/page"}],"author":[{"embeddable":true,"href":"https:\/\/www.lacotedaime.com\/Syndicat-Initiative\/wp-json\/wp\/v2\/users\/4"}],"replies":[{"embeddable":true,"href":"https:\/\/www.lacotedaime.com\/Syndicat-Initiative\/wp-json\/wp\/v2\/comments?post=2783"}],"version-history":[{"count":12,"href":"https:\/\/www.lacotedaime.com\/Syndicat-Initiative\/wp-json\/wp\/v2\/pages\/2783\/revisions"}],"predecessor-version":[{"id":5382,"href":"https:\/\/www.lacotedaime.com\/Syndicat-Initiative\/wp-json\/wp\/v2\/pages\/2783\/revisions\/5382"}],"wp:attachment":[{"href":"https:\/\/www.lacotedaime.com\/Syndicat-Initiative\/wp-json\/wp\/v2\/media?parent=2783"}],"curies":[{"name":"wp","href":"https:\/\/api.w.org\/{rel}","templated":true}]}}